{"id":2,"date":"2020-03-01T09:45:14","date_gmt":"2020-03-01T09:45:14","guid":{"rendered":"https:\/\/gedicht-schreiber.de\/?page_id=2"},"modified":"2021-04-25T06:50:09","modified_gmt":"2021-04-25T06:50:09","slug":"sample-page","status":"publish","type":"page","link":"https:\/\/gedicht-schreiber.de\/","title":{"rendered":"Gedichte und Reime"},"content":{"rendered":"\t\t<div data-elementor-type=\"wp-page\" data-elementor-id=\"2\" class=\"elementor elementor-2\" data-elementor-settings=\"[]\">\n\t\t\t\t\t\t\t<div class=\"elementor-section-wrap\">\n\t\t\t\t\t\t\t<section class=\"elementor-section elementor-top-section elementor-element elementor-element-7fd0c813 elementor-section-boxed elementor-section-height-default elementor-section-height-default\" data-id=\"7fd0c813\" data-element_type=\"section\">\n\t\t\t\t\t\t<div class=\"elementor-container elementor-column-gap-default\">\n\t\t\t\t\t<div class=\"elementor-column elementor-col-100 elementor-top-column elementor-element elementor-element-3ec8e35c\" data-id=\"3ec8e35c\" data-element_type=\"column\">\n\t\t\t<div class=\"elementor-widget-wrap elementor-element-populated\">\n\t\t\t\t\t\t\t\t<div class=\"elementor-element elementor-element-2d7fa470 elementor-widget elementor-widget-text-editor\" data-id=\"2d7fa470\" data-element_type=\"widget\" data-widget_type=\"text-editor.default\">\n\t\t\t\t<div class=\"elementor-widget-container\">\n\t\t\t\t\t\t\t\t<p><!-- wp:paragraph {\"backgroundColor\":\"tertiary\"} --><\/p>\n<p class=\"has-background has-tertiary-background-color\">Die F\u00e4higkeit Gedichte zu schreiben oder zu Reimen ist ein Geschenk.<br \/>Jeder Mensch hat eine oder mehrere Gaben. Ob Talent f\u00fcr handwerkliches Geschick, Geisteswissenschaften, Kunst oder Musik, es wird entdeckt sein.<\/p>\n<p>F\u00fcr mich ist es eine Freude, aus unserer Sprache Gedichte oder Reime zu formen, die entweder das Herz des Beschenkten mit Freude erf\u00fcllen, oder eine Gesellschaft auf einer Party zum Lachen bringen.<\/p>\n<p><!-- \/wp:paragraph --><\/p>\n<p><!-- wp:paragraph {\"backgroundColor\":\"tertiary\"} --><\/p>\n<p class=\"has-background has-tertiary-background-color\">Um \u00fcber eine Person, etwas Lebendiges, oder einen Gegenstand zu schreiben, ben\u00f6tige ich Informationen, auf die ich zur\u00fcckgreifen kann um die Erwartungen des Auftraggebers zu erf\u00fcllen.<br \/>Sie informieren mich \u00fcber Eigenschaften, Begebenheiten und einfach alles was Ihnen wichtig oder erw\u00e4hnenswert erscheint. Ihre Gedanken und Ideen werden dann in Worte gefasst die etwas h\u00f6chstpers\u00f6nliches in Versform bringen. Lassen Sie sich \u00fcberraschen, begeistern und verzaubern!<\/p>\n<p><!-- \/wp:paragraph --><\/p>\n<p><!-- wp:quote --><\/p>\n<blockquote class=\"wp-block-quote\">\n<p>Diese Website wird gerade erstellt&#8230;.<\/p>\n<p><cite><em>Diese Homepage ist nicht fertig !<\/em><br \/><em>Sicherlich, ganz meine Schuld.<br \/><\/em>So bleibt nur eins, was wichtig ist,<br \/><\/cite><cite><em>ich bitte Sie, hier um<\/em><em>\u00a0Geduld !<\/em><\/cite><\/p>\n<\/blockquote>\n<p><!-- \/wp:quote --><\/p>\n<p><!-- wp:paragraph --><\/p>\n<p>&#8230;or something like this:<\/p>\n<p><!-- \/wp:paragraph --><\/p>\n<p><!-- wp:quote --><\/p>\n<blockquote class=\"wp-block-quote\">\n<p>&#8230; coming soon&#8230;<\/p>\n<\/blockquote>\t\t\t\t\t\t<\/div>\n\t\t\t\t<\/div>\n\t\t\t\t\t<\/div>\n\t\t<\/div>\n\t\t\t\t\t\t\t<\/div>\n\t\t<\/section>\n\t\t\t\t\t\t<\/div>\n\t\t\t\t\t<\/div>\n\t\t","protected":false},"excerpt":{"rendered":"<p>Die F\u00e4higkeit Gedichte zu schreiben oder zu Reimen ist ein Geschenk.Jeder Mensch hat eine oder mehrere Gaben. Ob Talent f\u00fcr&hellip;<\/p>\n","protected":false},"author":1,"featured_media":0,"parent":0,"menu_order":0,"comment_status":"closed","ping_status":"open","template":"","meta":[],"yoast_head":"<!-- This site is optimized with the Yoast SEO plugin v16.1.1 - https:\/\/yoast.com\/wordpress\/plugins\/seo\/ -->\n<title>Gedichte und Reime - Gedichte und Reime<\/title>\n<meta name=\"description\" content=\"Gedichte und Reime kaufen h\u00f6chstpers\u00f6nliche Gedichte oder Reime Geburtstagsgedichte Liebesgedichte Festtagsgedichte Jubil\u00e4umsgedichte Firmenjubil\u00e4um\" \/>\n<link rel=\"canonical\" href=\"https:\/\/gedicht-schreiber.de\/\" \/>\n<meta property=\"og:locale\" content=\"de_DE\" \/>\n<meta property=\"og:type\" content=\"article\" \/>\n<meta property=\"og:title\" content=\"Gedichte und Reime - Gedichte und Reime\" \/>\n<meta property=\"og:description\" content=\"Gedichte und Reime kaufen h\u00f6chstpers\u00f6nliche Gedichte oder Reime Geburtstagsgedichte Liebesgedichte Festtagsgedichte Jubil\u00e4umsgedichte Firmenjubil\u00e4um\" \/>\n<meta property=\"og:url\" content=\"https:\/\/gedicht-schreiber.de\/\" \/>\n<meta property=\"og:site_name\" content=\"Gedichte und Reime\" \/>\n<meta property=\"article:modified_time\" content=\"2021-04-25T06:50:09+00:00\" \/>\n<meta name=\"twitter:card\" content=\"summary_large_image\" \/>\n<meta name=\"twitter:label1\" content=\"Gesch\u00e4tzte Lesezeit\">\n\t<meta name=\"twitter:data1\" content=\"1\u00a0Minute\">\n<script type=\"application\/ld+json\" class=\"yoast-schema-graph\">{\"@context\":\"https:\/\/schema.org\",\"@graph\":[{\"@type\":\"WebSite\",\"@id\":\"https:\/\/gedicht-schreiber.de\/#website\",\"url\":\"https:\/\/gedicht-schreiber.de\/\",\"name\":\"Gedichte und Reime\",\"description\":\"f\\u00fcr besondere Anl\\u00e4sse \",\"potentialAction\":[{\"@type\":\"SearchAction\",\"target\":\"https:\/\/gedicht-schreiber.de\/?s={search_term_string}\",\"query-input\":\"required name=search_term_string\"}],\"inLanguage\":\"de\"},{\"@type\":\"WebPage\",\"@id\":\"https:\/\/gedicht-schreiber.de\/#webpage\",\"url\":\"https:\/\/gedicht-schreiber.de\/\",\"name\":\"Gedichte und Reime - Gedichte und Reime\",\"isPartOf\":{\"@id\":\"https:\/\/gedicht-schreiber.de\/#website\"},\"datePublished\":\"2020-03-01T09:45:14+00:00\",\"dateModified\":\"2021-04-25T06:50:09+00:00\",\"description\":\"Gedichte und Reime kaufen h\\u00f6chstpers\\u00f6nliche Gedichte oder Reime Geburtstagsgedichte Liebesgedichte Festtagsgedichte Jubil\\u00e4umsgedichte Firmenjubil\\u00e4um\",\"breadcrumb\":{\"@id\":\"https:\/\/gedicht-schreiber.de\/#breadcrumb\"},\"inLanguage\":\"de\",\"potentialAction\":[{\"@type\":\"ReadAction\",\"target\":[\"https:\/\/gedicht-schreiber.de\/\"]}]},{\"@type\":\"BreadcrumbList\",\"@id\":\"https:\/\/gedicht-schreiber.de\/#breadcrumb\",\"itemListElement\":[{\"@type\":\"ListItem\",\"position\":1,\"item\":{\"@type\":\"WebPage\",\"@id\":\"https:\/\/gedicht-schreiber.de\/\",\"url\":\"https:\/\/gedicht-schreiber.de\/\",\"name\":\"Home\"}},{\"@type\":\"ListItem\",\"position\":2,\"item\":{\"@type\":\"WebPage\",\"@id\":\"https:\/\/gedicht-schreiber.de\/\",\"url\":\"https:\/\/gedicht-schreiber.de\/\",\"name\":\"Gedichte und Reime\"}}]}]}<\/script>\n<!-- \/ Yoast SEO plugin. -->","_links":{"self":[{"href":"https:\/\/gedicht-schreiber.de\/index.php\/wp-json\/wp\/v2\/pages\/2"}],"collection":[{"href":"https:\/\/gedicht-schreiber.de\/index.php\/wp-json\/wp\/v2\/pages"}],"about":[{"href":"https:\/\/gedicht-schreiber.de\/index.php\/wp-json\/wp\/v2\/types\/page"}],"author":[{"embeddable":true,"href":"https:\/\/gedicht-schreiber.de\/index.php\/wp-json\/wp\/v2\/users\/1"}],"replies":[{"embeddable":true,"href":"https:\/\/gedicht-schreiber.de\/index.php\/wp-json\/wp\/v2\/comments?post=2"}],"version-history":[{"count":17,"href":"https:\/\/gedicht-schreiber.de\/index.php\/wp-json\/wp\/v2\/pages\/2\/revisions"}],"predecessor-version":[{"id":39,"href":"https:\/\/gedicht-schreiber.de\/index.php\/wp-json\/wp\/v2\/pages\/2\/revisions\/39"}],"wp:attachment":[{"href":"https:\/\/gedicht-schreiber.de\/index.php\/wp-json\/wp\/v2\/media?parent=2"}],"curies":[{"name":"wp","href":"https:\/\/api.w.org\/{rel}","templated":true}]}}